{"id":1917,"date":"2022-05-23T10:18:11","date_gmt":"2022-05-23T10:18:11","guid":{"rendered":"https:\/\/susestoisser.com\/cv\/"},"modified":"2022-07-05T08:52:42","modified_gmt":"2022-07-05T08:52:42","slug":"cv","status":"publish","type":"page","link":"https:\/\/susestoisser.com\/de\/cv\/","title":{"rendered":"CV"},"content":{"rendered":"\t\t<div data-elementor-type=\"wp-page\" data-elementor-id=\"1917\" class=\"elementor elementor-1917 elementor-78\">\n\t\t\t\t\t\t\t\t\t<section class=\"elementor-section elementor-top-section elementor-element elementor-element-fb1597d elementor-section-boxed elementor-section-height-default elementor-section-height-default\" data-id=\"fb1597d\" data-element_type=\"section\">\n\t\t\t\t\t\t<div class=\"elementor-container elementor-column-gap-default\">\n\t\t\t\t\t<div class=\"elementor-column elementor-col-100 elementor-top-column elementor-element elementor-element-8fd838e\" data-id=\"8fd838e\" data-element_type=\"column\">\n\t\t\t<div class=\"elementor-widget-wrap elementor-element-populated\">\n\t\t\t\t\t\t\t\t<section class=\"elementor-section elementor-inner-section elementor-element elementor-element-ef2ad2a elementor-section-boxed elementor-section-height-default elementor-section-height-default\" data-id=\"ef2ad2a\" data-element_type=\"section\">\n\t\t\t\t\t\t<div class=\"elementor-container elementor-column-gap-no\">\n\t\t\t\t\t<div class=\"elementor-column elementor-col-50 elementor-inner-column elementor-element elementor-element-d47d6b8\" data-id=\"d47d6b8\" data-element_type=\"column\">\n\t\t\t<div class=\"elementor-widget-wrap elementor-element-populated\">\n\t\t\t\t\t\t\t\t<div class=\"elementor-element elementor-element-3211e13 elementor-widget elementor-widget-text-editor\" data-id=\"3211e13\" data-element_type=\"widget\" data-widget_type=\"text-editor.default\">\n\t\t\t\t<div class=\"elementor-widget-container\">\n\t\t\t<style>\/*! elementor - v3.8.1 - 13-11-2022 *\/\n.elementor-widget-text-editor.elementor-drop-cap-view-stacked .elementor-drop-cap{background-color:#818a91;color:#fff}.elementor-widget-text-editor.elementor-drop-cap-view-framed .elementor-drop-cap{color:#818a91;border:3px solid;background-color:transparent}.elementor-widget-text-editor:not(.elementor-drop-cap-view-default) .elementor-drop-cap{margin-top:8px}.elementor-widget-text-editor:not(.elementor-drop-cap-view-default) .elementor-drop-cap-letter{width:1em;height:1em}.elementor-widget-text-editor .elementor-drop-cap{float:left;text-align:center;line-height:1;font-size:50px}.elementor-widget-text-editor .elementor-drop-cap-letter{display:inline-block}<\/style>\t\t\t\t<p>1964: Leibnitz, \u00d6sterreich<br><br>Lebt und arbeitet seit 1991 in Cadaqu\u00e9s\/Spanien und \u00d6sterreich <br><br>Ausbildung <br><br>1982 \u2013 1988 <br>Akademie der Bildenden K\u00fcnste, Wien: Meisterklassen f\u00fcr Malerei und f\u00fcr Bildhauerei. Hochschule f\u00fcr Angewandte Kunst, Wien: Werkstatt f\u00fcr Bleifensterverglasung und Metallwerkstatt. <br><br>1981 &#8211; 1987  <br>Austauschprogramme und Aufenthalte in Sao Paolo, Mexico, Guatemala, Texas <br><br>1988 \u2013 1990 <br>New York <br><br>1990 \u2013 1991 <br>Barcelona<\/p>\t\t\t\t\t\t<\/div>\n\t\t\t\t<\/div>\n\t\t\t\t\t<\/div>\n\t\t<\/div>\n\t\t\t\t<div class=\"elementor-column elementor-col-50 elementor-inner-column elementor-element elementor-element-1706e45\" data-id=\"1706e45\" data-element_type=\"column\">\n\t\t\t<div class=\"elementor-widget-wrap elementor-element-populated\">\n\t\t\t\t\t\t\t\t<div class=\"elementor-element elementor-element-d18ad00 elementor-widget elementor-widget-image\" data-id=\"d18ad00\" data-element_type=\"widget\" data-widget_type=\"image.default\">\n\t\t\t\t<div class=\"elementor-widget-container\">\n\t\t\t<style>\/*! elementor - v3.8.1 - 13-11-2022 *\/\n.elementor-widget-image{text-align:center}.elementor-widget-image a{display:inline-block}.elementor-widget-image a img[src$=\".svg\"]{width:48px}.elementor-widget-image img{vertical-align:middle;display:inline-block}<\/style>\t\t\t\t\t\t\t\t\t\t\t\t<img loading=\"lazy\" decoding=\"async\" width=\"194\" height=\"191\" src=\"https:\/\/susestoisser.com\/wp-content\/uploads\/2022\/05\/shapeimage_2.png\" class=\"attachment-full size-full\" alt=\"\" \/>\t\t\t\t\t\t\t\t\t\t\t\t\t\t\t<\/div>\n\t\t\t\t<\/div>\n\t\t\t\t\t<\/div>\n\t\t<\/div>\n\t\t\t\t\t\t\t<\/div>\n\t\t<\/section>\n\t\t\t\t<div class=\"elementor-element elementor-element-4943b97 elementor-widget elementor-widget-spacer\" data-id=\"4943b97\" data-element_type=\"widget\" data-widget_type=\"spacer.default\">\n\t\t\t\t<div class=\"elementor-widget-container\">\n\t\t\t<style>\/*! elementor - v3.8.1 - 13-11-2022 *\/\n.elementor-column .elementor-spacer-inner{height:var(--spacer-size)}.e-con{--container-widget-width:100%}.e-con-inner>.elementor-widget-spacer,.e-con>.elementor-widget-spacer{width:var(--container-widget-width,var(--spacer-size));-ms-flex-item-align:stretch;align-self:stretch;-ms-flex-negative:0;flex-shrink:0}.e-con-inner>.elementor-widget-spacer>.elementor-widget-container,.e-con-inner>.elementor-widget-spacer>.elementor-widget-container>.elementor-spacer,.e-con>.elementor-widget-spacer>.elementor-widget-container,.e-con>.elementor-widget-spacer>.elementor-widget-container>.elementor-spacer{height:100%}.e-con-inner>.elementor-widget-spacer>.elementor-widget-container>.elementor-spacer>.elementor-spacer-inner,.e-con>.elementor-widget-spacer>.elementor-widget-container>.elementor-spacer>.elementor-spacer-inner{height:var(--container-widget-height,var(--spacer-size))}<\/style>\t\t<div class=\"elementor-spacer\">\n\t\t\t<div class=\"elementor-spacer-inner\"><\/div>\n\t\t<\/div>\n\t\t\t\t<\/div>\n\t\t\t\t<\/div>\n\t\t\t\t<section class=\"elementor-section elementor-inner-section elementor-element elementor-element-880bd55 elementor-section-boxed elementor-section-height-default elementor-section-height-default\" data-id=\"880bd55\" data-element_type=\"section\">\n\t\t\t\t\t\t<div class=\"elementor-container elementor-column-gap-no\">\n\t\t\t\t\t<div class=\"elementor-column elementor-col-50 elementor-inner-column elementor-element elementor-element-21e6b3a\" data-id=\"21e6b3a\" data-element_type=\"column\">\n\t\t\t<div class=\"elementor-widget-wrap elementor-element-populated\">\n\t\t\t\t\t\t\t\t<div class=\"elementor-element elementor-element-1c2c085 elementor-widget elementor-widget-heading\" data-id=\"1c2c085\" data-element_type=\"widget\" data-widget_type=\"heading.default\">\n\t\t\t\t<div class=\"elementor-widget-container\">\n\t\t\t<style>\/*! elementor - v3.8.1 - 13-11-2022 *\/\n.elementor-heading-title{padding:0;margin:0;line-height:1}.elementor-widget-heading .elementor-heading-title[class*=elementor-size-]>a{color:inherit;font-size:inherit;line-height:inherit}.elementor-widget-heading .elementor-heading-title.elementor-size-small{font-size:15px}.elementor-widget-heading .elementor-heading-title.elementor-size-medium{font-size:19px}.elementor-widget-heading .elementor-heading-title.elementor-size-large{font-size:29px}.elementor-widget-heading .elementor-heading-title.elementor-size-xl{font-size:39px}.elementor-widget-heading .elementor-heading-title.elementor-size-xxl{font-size:59px}<\/style><h2 class=\"elementor-heading-title elementor-size-default\">Einzelausstellungen<\/h2>\t\t<\/div>\n\t\t\t\t<\/div>\n\t\t\t\t<div class=\"elementor-element elementor-element-880d0c4 elementor-widget elementor-widget-text-editor\" data-id=\"880d0c4\" data-element_type=\"widget\" data-widget_type=\"text-editor.default\">\n\t\t\t\t<div class=\"elementor-widget-container\">\n\t\t\t\t\t\t\t<p>2022<br>_Gem\u00e4uer der Illusionen_<br>Internationales Musikfestival Cadaqu\u00e9s, Kirche Santa Maria<\/p><p>_alea jacta non est_<br>Internationales Musikfestival Cadaqu\u00e9s, El Corral de la Gala<\/p><p>2020<br>_rosa cloud_<br>Sonderausstellung der Galerie Marenzi im Alten Kino Leibnitz<\/p><p>2018<br>\u201eINSIDE OUT\u201c<br>Galeria Juan Risso, Madrid<\/p><p>2016<br>\u201cNow you see it. Rediscovery of das Schwere\u201d<br>Art Bermondsey Project Space, London<\/p><p>\u201cnicht Hand, nicht Fuss. About Absence\u201d<br>Periferic 2016, Ermita San Baldiri, Cadaques<\/p><p>2015<br>\u201cone step at a time\u201d<br>Galeria Iturria, Cadaques<\/p><p>2014<br>&#8222;omnia-vincit-amor\/ Walking and Falling&#8220;<br>The Cloister of the Abbey. Caunes-Minervois, Frankreich<\/p><p>2013<br>Galeria Iturria , Cadaques<\/p><p>2011<br>\u201cHEAVY conflict\u201d<br>Galeria Espai d\u2019Art Iturria, Cadaqu\u00e9s<\/p><p>2010<br>\u201cplay dice -?-\u201c Ba\u00f1os \u00c1rabes, Girona<\/p><p>2008<br>\u201cvita brevis ars longa\u201d Casino Cadaqu\u00e9s<br>\u201cArcos en Acero\u201d Llibreria La Sirena, Cadaqu\u00e9s<\/p><p>2005<br>Galeria Trama, Barcelona<\/p><p>2002<br>Galerie PRO ARTE , Freiburg, Deutschland<\/p><p>1999<br>Casino Cadaqu\u00e9s<\/p><p>1998<br>Galeria 98, Cadaqu\u00e9s<\/p><p>1997<br>Galeria Sa Casa, Cadaqu\u00e9s<br>Gallery 141, Nagoya, Japan<br>Gallery \u201cStrasse\u201d, Nishinomiya, Japan<\/p><p>1992<br>\u201cEspai 92\u201d , Museu d\u2019Art de Sabadell, Barcelona<br>Casino Cadaqu\u00e9s<br>Messegalerie Graz, Austria<\/p><p>1990<br>Neue Galerie Studio, Steirischer Herbst Graz, Austria<\/p>\t\t\t\t\t\t<\/div>\n\t\t\t\t<\/div>\n\t\t\t\t\t<\/div>\n\t\t<\/div>\n\t\t\t\t<div class=\"elementor-column elementor-col-50 elementor-inner-column elementor-element elementor-element-4411ffd\" data-id=\"4411ffd\" data-element_type=\"column\">\n\t\t\t<div class=\"elementor-widget-wrap elementor-element-populated\">\n\t\t\t\t\t\t\t\t<div class=\"elementor-element elementor-element-98a6cf4 elementor-widget elementor-widget-heading\" data-id=\"98a6cf4\" data-element_type=\"widget\" data-widget_type=\"heading.default\">\n\t\t\t\t<div class=\"elementor-widget-container\">\n\t\t\t<h2 class=\"elementor-heading-title elementor-size-default\">Gruppenausstellungen<\/h2>\t\t<\/div>\n\t\t\t\t<\/div>\n\t\t\t\t<div class=\"elementor-element elementor-element-17a3c28 elementor-widget elementor-widget-text-editor\" data-id=\"17a3c28\" data-element_type=\"widget\" data-widget_type=\"text-editor.default\">\n\t\t\t\t<div class=\"elementor-widget-container\">\n\t\t\t\t\t\t\t<p>2019<br>\u201cWas sieht man wirklich\u201d<br>Open Studio Days, Vienna Art Week<\/p><p>\u201cPerdido\u201d<br>a_posteriori, Cadaqu\u00e9s<\/p><p>2018<br>\u201cLife is still a Miracle\u201d<br>a_ posteriori, Cadaqu\u00e9s<\/p><p>2017<br>Personal Structures &#8211; open spaces.<br>ECC and GAA at Palazzo Bembo, Venedig<br>Concentr-art.<br>Periferic Cadaqu\u00e9s, Casino Sala l&#8217;Amistat<\/p><p>2012<br>\u201cDie Frau in der Pop Art im Echo anderer Stilrichtungen\u201d,<br>QuadrART Dornbirn, Ansichten XI-Kurator: Dr B. Richter<\/p><p>2009<br>\u201cmach\u2019 keine Oper\u201d, Museum der Stadt Ratingen,<br>Sammeln als Diskurs, Sammlung A&amp;B Richter<\/p><p>2008<br>Les Bernardes, Gerona, Salt<br>Galeria marges-u , Cadaqu\u00e9s<\/p><p>2001<br>Casino Cadaqu\u00e9s<\/p><p>1999<br>Kulturtage Schloss Mayen, Deutschland<br>\u201cMediterraneo\u201d, Galeria Bucuzzi, Bari, Italien<br>Palazzo della Corte, Ostuni, Italien<\/p><p>1998<br>Galerie PRO ARTE Freiburg, Deutschland<br>\u201c7Artistas de Cadaqu\u00e9s\u201d, Les Bernardes , Girona, Salt<\/p><p>1997<br>Les Bernardes, Girona, Salt<\/p><p>1996<br>Galerie PRO ARTE, Freiburg, Deutschland<br>\u201cMediterraneo\u201d, Instituto Cervantes en Bremen and M\u00fcnchen<\/p><p>1992<br>Ateneum Cadaqu\u00e9s<\/p><p>1989<br>Galerie Freiberger M\u00fcrzzuschlag, Austria<\/p><p>1988<br>\u201eFeminale\u201c , Vienna , Austria<br>\u201eJugendwerke am Schillerplatz\u201c, Vienna, Austria<br>\u201e1988, Blick Voraus\u201c, Steirischer Herbst Graz, Austria<br>\u201eA.E.I.O.U.\u201c, Galerie Lendl, Graz, Austria<\/p>\t\t\t\t\t\t<\/div>\n\t\t\t\t<\/div>\n\t\t\t\t\t<\/div>\n\t\t<\/div>\n\t\t\t\t\t\t\t<\/div>\n\t\t<\/section>\n\t\t\t\t\t<\/div>\n\t\t<\/div>\n\t\t\t\t\t\t\t<\/div>\n\t\t<\/section>\n\t\t\t\t\t\t\t<\/div>\n\t\t","protected":false},"excerpt":{"rendered":"<p>1964: Leibnitz, \u00d6sterreich Lebt und arbeitet seit 1991 in Cadaqu\u00e9s\/Spanien und \u00d6sterreich Ausbildung 1982 \u2013 1988 Akademie der Bildenden K\u00fcnste, Wien: Meisterklassen f\u00fcr Malerei und f\u00fcr Bildhauerei. Hochschule f\u00fcr Angewandte Kunst, Wien: Werkstatt f\u00fcr Bleifensterverglasung und Metallwerkstatt. 1981 &#8211; 1987 Austauschprogramme und Aufenthalte in Sao Paolo, Mexico, Guatemala, Texas 1988 \u2013 1990 New York 1990 [&hellip;]<\/p>\n","protected":false},"author":1,"featured_media":0,"parent":0,"menu_order":0,"comment_status":"closed","ping_status":"closed","template":"","meta":{"footnotes":""},"class_list":["post-1917","page","type-page","status-publish","hentry"],"yoast_head":"<!-- This site is optimized with the Yoast SEO plugin v19.10 - https:\/\/yoast.com\/wordpress\/plugins\/seo\/ -->\n<title>CV - Suse Stoisser<\/title>\n<meta name=\"robots\" content=\"index, follow, max-snippet:-1, max-image-preview:large, max-video-preview:-1\" \/>\n<link rel=\"canonical\" href=\"https:\/\/susestoisser.com\/de\/cv\/\" \/>\n<meta property=\"og:locale\" content=\"de_DE\" \/>\n<meta property=\"og:type\" content=\"article\" \/>\n<meta property=\"og:title\" content=\"CV - Suse Stoisser\" \/>\n<meta property=\"og:description\" content=\"1964: Leibnitz, \u00d6sterreich Lebt und arbeitet seit 1991 in Cadaqu\u00e9s\/Spanien und \u00d6sterreich Ausbildung 1982 \u2013 1988 Akademie der Bildenden K\u00fcnste, Wien: Meisterklassen f\u00fcr Malerei und f\u00fcr Bildhauerei. Hochschule f\u00fcr Angewandte Kunst, Wien: Werkstatt f\u00fcr Bleifensterverglasung und Metallwerkstatt. 1981 &#8211; 1987 Austauschprogramme und Aufenthalte in Sao Paolo, Mexico, Guatemala, Texas 1988 \u2013 1990 New York 1990 [&hellip;]\" \/>\n<meta property=\"og:url\" content=\"https:\/\/susestoisser.com\/de\/cv\/\" \/>\n<meta property=\"og:site_name\" content=\"Suse Stoisser\" \/>\n<meta property=\"article:modified_time\" content=\"2022-07-05T08:52:42+00:00\" \/>\n<meta property=\"og:image\" content=\"https:\/\/susestoisser.com\/wp-content\/uploads\/2022\/05\/shapeimage_2.png\" \/>\n<meta name=\"twitter:card\" content=\"summary_large_image\" \/>\n<meta name=\"twitter:label1\" content=\"Gesch\u00e4tzte Lesezeit\" \/>\n\t<meta name=\"twitter:data1\" content=\"2\u00a0Minuten\" \/>\n<script type=\"application\/ld+json\" class=\"yoast-schema-graph\">{\"@context\":\"https:\/\/schema.org\",\"@graph\":[{\"@type\":\"WebPage\",\"@id\":\"https:\/\/susestoisser.com\/de\/cv\/\",\"url\":\"https:\/\/susestoisser.com\/de\/cv\/\",\"name\":\"CV - Suse Stoisser\",\"isPartOf\":{\"@id\":\"https:\/\/susestoisser.com\/#website\"},\"datePublished\":\"2022-05-23T10:18:11+00:00\",\"dateModified\":\"2022-07-05T08:52:42+00:00\",\"breadcrumb\":{\"@id\":\"https:\/\/susestoisser.com\/de\/cv\/#breadcrumb\"},\"inLanguage\":\"de\",\"potentialAction\":[{\"@type\":\"ReadAction\",\"target\":[\"https:\/\/susestoisser.com\/de\/cv\/\"]}]},{\"@type\":\"BreadcrumbList\",\"@id\":\"https:\/\/susestoisser.com\/de\/cv\/#breadcrumb\",\"itemListElement\":[{\"@type\":\"ListItem\",\"position\":1,\"name\":\"Portada\",\"item\":\"https:\/\/susestoisser.com\/de\/startseite\/\"},{\"@type\":\"ListItem\",\"position\":2,\"name\":\"CV\"}]},{\"@type\":\"WebSite\",\"@id\":\"https:\/\/susestoisser.com\/#website\",\"url\":\"https:\/\/susestoisser.com\/\",\"name\":\"Suse Stoisser\",\"description\":\"\",\"potentialAction\":[{\"@type\":\"SearchAction\",\"target\":{\"@type\":\"EntryPoint\",\"urlTemplate\":\"https:\/\/susestoisser.com\/?s={search_term_string}\"},\"query-input\":\"required name=search_term_string\"}],\"inLanguage\":\"de\"}]}<\/script>\n<!-- \/ Yoast SEO plugin. -->","yoast_head_json":{"title":"CV - Suse Stoisser","robots":{"index":"index","follow":"follow","max-snippet":"max-snippet:-1","max-image-preview":"max-image-preview:large","max-video-preview":"max-video-preview:-1"},"canonical":"https:\/\/susestoisser.com\/de\/cv\/","og_locale":"de_DE","og_type":"article","og_title":"CV - Suse Stoisser","og_description":"1964: Leibnitz, \u00d6sterreich Lebt und arbeitet seit 1991 in Cadaqu\u00e9s\/Spanien und \u00d6sterreich Ausbildung 1982 \u2013 1988 Akademie der Bildenden K\u00fcnste, Wien: Meisterklassen f\u00fcr Malerei und f\u00fcr Bildhauerei. Hochschule f\u00fcr Angewandte Kunst, Wien: Werkstatt f\u00fcr Bleifensterverglasung und Metallwerkstatt. 1981 &#8211; 1987 Austauschprogramme und Aufenthalte in Sao Paolo, Mexico, Guatemala, Texas 1988 \u2013 1990 New York 1990 [&hellip;]","og_url":"https:\/\/susestoisser.com\/de\/cv\/","og_site_name":"Suse Stoisser","article_modified_time":"2022-07-05T08:52:42+00:00","og_image":[{"url":"https:\/\/susestoisser.com\/wp-content\/uploads\/2022\/05\/shapeimage_2.png"}],"twitter_card":"summary_large_image","twitter_misc":{"Gesch\u00e4tzte Lesezeit":"2\u00a0Minuten"},"schema":{"@context":"https:\/\/schema.org","@graph":[{"@type":"WebPage","@id":"https:\/\/susestoisser.com\/de\/cv\/","url":"https:\/\/susestoisser.com\/de\/cv\/","name":"CV - Suse Stoisser","isPartOf":{"@id":"https:\/\/susestoisser.com\/#website"},"datePublished":"2022-05-23T10:18:11+00:00","dateModified":"2022-07-05T08:52:42+00:00","breadcrumb":{"@id":"https:\/\/susestoisser.com\/de\/cv\/#breadcrumb"},"inLanguage":"de","potentialAction":[{"@type":"ReadAction","target":["https:\/\/susestoisser.com\/de\/cv\/"]}]},{"@type":"BreadcrumbList","@id":"https:\/\/susestoisser.com\/de\/cv\/#breadcrumb","itemListElement":[{"@type":"ListItem","position":1,"name":"Portada","item":"https:\/\/susestoisser.com\/de\/startseite\/"},{"@type":"ListItem","position":2,"name":"CV"}]},{"@type":"WebSite","@id":"https:\/\/susestoisser.com\/#website","url":"https:\/\/susestoisser.com\/","name":"Suse Stoisser","description":"","potentialAction":[{"@type":"SearchAction","target":{"@type":"EntryPoint","urlTemplate":"https:\/\/susestoisser.com\/?s={search_term_string}"},"query-input":"required name=search_term_string"}],"inLanguage":"de"}]}},"_links":{"self":[{"href":"https:\/\/susestoisser.com\/de\/wp-json\/wp\/v2\/pages\/1917","targetHints":{"allow":["GET"]}}],"collection":[{"href":"https:\/\/susestoisser.com\/de\/wp-json\/wp\/v2\/pages"}],"about":[{"href":"https:\/\/susestoisser.com\/de\/wp-json\/wp\/v2\/types\/page"}],"author":[{"embeddable":true,"href":"https:\/\/susestoisser.com\/de\/wp-json\/wp\/v2\/users\/1"}],"replies":[{"embeddable":true,"href":"https:\/\/susestoisser.com\/de\/wp-json\/wp\/v2\/comments?post=1917"}],"version-history":[{"count":8,"href":"https:\/\/susestoisser.com\/de\/wp-json\/wp\/v2\/pages\/1917\/revisions"}],"predecessor-version":[{"id":2351,"href":"https:\/\/susestoisser.com\/de\/wp-json\/wp\/v2\/pages\/1917\/revisions\/2351"}],"wp:attachment":[{"href":"https:\/\/susestoisser.com\/de\/wp-json\/wp\/v2\/media?parent=1917"}],"curies":[{"name":"wp","href":"https:\/\/api.w.org\/{rel}","templated":true}]}}